{"id":13,"date":"2024-08-21T16:10:28","date_gmt":"2024-08-21T14:10:28","guid":{"rendered":"http:\/\/www.omassagecoaching.com\/?page_id=13"},"modified":"2025-11-14T15:10:38","modified_gmt":"2025-11-14T14:10:38","slug":"offres-et-tarifs","status":"publish","type":"page","link":"https:\/\/www.omassagecoaching.com\/en\/offres-et-tarifs\/","title":{"rendered":"Offers &amp; Pricing"},"content":{"rendered":"\t\t<div data-elementor-type=\"wp-page\" data-elementor-id=\"13\" class=\"elementor elementor-13\">\n\t\t\t\t<div class=\"elementor-element elementor-element-dd5f84d e-flex e-con-boxed e-con e-parent\" data-id=\"dd5f84d\" data-element_type=\"container\" data-settings=\"{&quot;background_background&quot;:&quot;gradient&quot;}\">\n\t\t\t\t\t<div class=\"e-con-inner\">\n\t\t<div class=\"elementor-element elementor-element-24ca630 e-con-full e-flex e-con e-child\" data-id=\"24ca630\" data-element_type=\"container\">\n\t\t\t\t<div class=\"elementor-element elementor-element-fd64660 elementor-widget elementor-widget-heading\" data-id=\"fd64660\" data-element_type=\"widget\" data-widget_type=\"heading.default\">\n\t\t\t\t<div class=\"elementor-widget-container\">\n\t\t\t<style>\/*! elementor - v3.23.0 - 05-08-2024 *\/\n.elementor-heading-title{padding:0;margin:0;line-height:1}.elementor-widget-heading .elementor-heading-title[class*=elementor-size-]>a{color:inherit;font-size:inherit;line-height:inherit}.elementor-widget-heading .elementor-heading-title.elementor-size-small{font-size:15px}.elementor-widget-heading .elementor-heading-title.elementor-size-medium{font-size:19px}.elementor-widget-heading .elementor-heading-title.elementor-size-large{font-size:29px}.elementor-widget-heading .elementor-heading-title.elementor-size-xl{font-size:39px}.elementor-widget-heading .elementor-heading-title.elementor-size-xxl{font-size:59px}<\/style><h2 class=\"elementor-heading-title elementor-size-default\">TARIFS MASSAGES EN CABINET<\/h2>\t\t<\/div>\n\t\t\t\t<\/div>\n\t\t\t\t<\/div>\n\t\t\t\t<div class=\"elementor-element elementor-element-9543629 elementor-widget elementor-widget-text-editor\" data-id=\"9543629\" data-element_type=\"widget\" data-widget_type=\"text-editor.default\">\n\t\t\t\t<div class=\"elementor-widget-container\">\n\t\t\t<style>\/*! elementor - v3.23.0 - 05-08-2024 *\/\n.elementor-widget-text-editor.elementor-drop-cap-view-stacked .elementor-drop-cap{background-color:#69727d;color:#fff}.elementor-widget-text-editor.elementor-drop-cap-view-framed .elementor-drop-cap{color:#69727d;border:3px solid;background-color:transparent}.elementor-widget-text-editor:not(.elementor-drop-cap-view-default) .elementor-drop-cap{margin-top:8px}.elementor-widget-text-editor:not(.elementor-drop-cap-view-default) .elementor-drop-cap-letter{width:1em;height:1em}.elementor-widget-text-editor .elementor-drop-cap{float:left;text-align:center;line-height:1;font-size:50px}.elementor-widget-text-editor .elementor-drop-cap-letter{display:inline-block}<\/style>\t\t\t\t<p><strong>Avec la r\u00e9gularit\u00e9, le massage devient un v\u00e9ritable outil de transformation du stress, du corps et de l\u2019esprit.<\/strong><br \/><strong>C\u2019est l\u2019art d\u2019entretenir le corps avant qu\u2019il ne crie.<\/strong><br \/><strong>En pr\u00e9vention, le massage reprogramme le corps et le syst\u00e8me nerveux pour un bien-\u00eatre profond et durable, moins de stress, plus d\u2019\u00e9nergie et de mobilit\u00e9.<\/strong><\/p>\t\t\t\t\t\t<\/div>\n\t\t\t\t<\/div>\n\t\t\t\t\t<\/div>\n\t\t\t\t<\/div>\n\t\t<div class=\"elementor-element elementor-element-ff120c3 e-grid e-con-boxed e-con e-parent\" data-id=\"ff120c3\" data-element_type=\"container\" data-settings=\"{&quot;background_background&quot;:&quot;gradient&quot;}\">\n\t\t\t\t\t<div class=\"e-con-inner\">\n\t\t\t\t<div class=\"elementor-element elementor-element-364ebeb elementor-widget elementor-widget-text-editor\" data-id=\"364ebeb\" data-element_type=\"widget\" data-widget_type=\"text-editor.default\">\n\t\t\t\t<div class=\"elementor-widget-container\">\n\t\t\t\t\t\t\t<p><span style=\"text-decoration: underline;\"><strong>S\u00e9ance de 1h : 80\u20ac<\/strong><\/span><br \/>* Consultation initiale de 10 \u00e0 15 minutes <br \/>pour d\u00e9finir vos besoins et vos attentes<br \/>* Massage sur mesure de 45 minutes\u00a0<br \/><a href=\"https:\/\/www.resalib.fr\/praticien\/107127-o-faire-corps-praticien-psychocorporel-bedarieux\">PRENDRE RDV<\/a><\/p>\t\t\t\t\t\t<\/div>\n\t\t\t\t<\/div>\n\t\t\t\t<div class=\"elementor-element elementor-element-ad2ba95 elementor-widget elementor-widget-text-editor\" data-id=\"ad2ba95\" data-element_type=\"widget\" data-widget_type=\"text-editor.default\">\n\t\t\t\t<div class=\"elementor-widget-container\">\n\t\t\t\t\t\t\t<p><strong><span style=\"text-decoration: underline;\">S\u00e9ance de 1h30 : 90\u20ac<\/span><br \/><\/strong>* Consultation initiale de 10 \u00e0 15 minutes <br \/>pour d\u00e9finir vos besoins et vos attentes<br \/>* Massage sur mesure de 75 minutes\u00a0<br \/><a href=\"https:\/\/www.resalib.fr\/praticien\/107127-o-faire-corps-praticien-psychocorporel-bedarieux\">PRENDRE RDV<\/a><\/p>\t\t\t\t\t\t<\/div>\n\t\t\t\t<\/div>\n\t\t\t\t<div class=\"elementor-element elementor-element-bf60db4 elementor-widget elementor-widget-text-editor\" data-id=\"bf60db4\" data-element_type=\"widget\" data-widget_type=\"text-editor.default\">\n\t\t\t\t<div class=\"elementor-widget-container\">\n\t\t\t\t\t\t\t<p><strong><span style=\"text-decoration: underline;\">3 S\u00e9ances de 1h : 160\u20ac<br \/><\/span><\/strong><span style=\"text-decoration: underline;\">Condition de l&rsquo;offre :<\/span><strong><span style=\"text-decoration: underline;\"><br \/><\/span><\/strong>* Paiement: 80\u20ac les deux premi\u00e8res, <br \/>la troisi\u00e8me gratuite<br \/>* Validit\u00e9: les 3 s\u00e9ances dans <br \/>une p\u00e9riode de 2 mois<br \/><a href=\"https:\/\/www.resalib.fr\/praticien\/107127-o-faire-corps-praticien-psychocorporel-bedarieux\">PRENDRE RDV<\/a><\/p>\t\t\t\t\t\t<\/div>\n\t\t\t\t<\/div>\n\t\t\t\t<div class=\"elementor-element elementor-element-9bb18d3 elementor-widget elementor-widget-text-editor\" data-id=\"9bb18d3\" data-element_type=\"widget\" data-widget_type=\"text-editor.default\">\n\t\t\t\t<div class=\"elementor-widget-container\">\n\t\t\t\t\t\t\t<p><strong><span style=\"text-decoration: underline;\">10 S\u00e9ances de 1h : 480\u20ac<br \/><\/span><\/strong><span style=\"text-decoration: underline;\">Condition de l&rsquo;offre :<\/span><br \/>* Paiement: en 1, 2 ou 3 fois<br \/>* Validit\u00e9: les 10 s\u00e9ances dans <br \/>une p\u00e9riode de 1 an<br \/><a href=\"https:\/\/www.resalib.fr\/praticien\/107127-o-faire-corps-praticien-psychocorporel-bedarieux\">PRENDRE RDV<\/a><\/p>\t\t\t\t\t\t<\/div>\n\t\t\t\t<\/div>\n\t\t\t\t\t<\/div>\n\t\t\t\t<\/div>\n\t\t<div class=\"elementor-element elementor-element-829c9b5 e-flex e-con-boxed e-con e-parent\" data-id=\"829c9b5\" data-element_type=\"container\" data-settings=\"{&quot;background_background&quot;:&quot;gradient&quot;}\">\n\t\t\t\t\t<div class=\"e-con-inner\">\n\t\t<div class=\"elementor-element elementor-element-345f026 e-con-full e-flex e-con e-child\" data-id=\"345f026\" data-element_type=\"container\">\n\t\t\t\t<div class=\"elementor-element elementor-element-bef75ae elementor-widget elementor-widget-text-editor\" data-id=\"bef75ae\" data-element_type=\"widget\" data-widget_type=\"text-editor.default\">\n\t\t\t\t<div class=\"elementor-widget-container\">\n\t\t\t\t\t\t\t<p>Pour les rdv \u00e0 domicile : gratuit dans un rayon de 10 km de B\u00e9darieux (34 600), au del\u00e0 et dans la limite de 20km : 50 centimes\/km<\/p>\t\t\t\t\t\t<\/div>\n\t\t\t\t<\/div>\n\t\t\t\t<\/div>\n\t\t\t\t\t<\/div>\n\t\t\t\t<\/div>\n\t\t<div class=\"elementor-element elementor-element-7541a4c e-flex e-con-boxed e-con e-parent\" data-id=\"7541a4c\" data-element_type=\"container\" data-settings=\"{&quot;background_background&quot;:&quot;gradient&quot;}\">\n\t\t\t\t\t<div class=\"e-con-inner\">\n\t\t\t\t<div class=\"elementor-element elementor-element-8553e90 elementor-widget elementor-widget-heading\" data-id=\"8553e90\" data-element_type=\"widget\" data-widget_type=\"heading.default\">\n\t\t\t\t<div class=\"elementor-widget-container\">\n\t\t\t<h2 class=\"elementor-heading-title elementor-size-default\">TARIFS COACHING EN LIGNE<\/h2>\t\t<\/div>\n\t\t\t\t<\/div>\n\t\t\t\t\t<\/div>\n\t\t\t\t<\/div>\n\t\t<div class=\"elementor-element elementor-element-02db9de e-grid e-con-boxed e-con e-parent\" data-id=\"02db9de\" data-element_type=\"container\" data-settings=\"{&quot;background_background&quot;:&quot;gradient&quot;}\">\n\t\t\t\t\t<div class=\"e-con-inner\">\n\t\t\t\t<div class=\"elementor-element elementor-element-d58a992 elementor-widget elementor-widget-text-editor\" data-id=\"d58a992\" data-element_type=\"widget\" data-widget_type=\"text-editor.default\">\n\t\t\t\t<div class=\"elementor-widget-container\">\n\t\t\t\t\t\t\t<p><span style=\"text-decoration: underline;\"><strong>R\u00e9servez votre appel d\u00e9couverte gratuit<\/strong><\/span><br \/>* 30 minutes<br \/><a href=\"https:\/\/www.resalib.fr\/praticien\/107127-o-faire-corps-praticien-psychocorporel-bedarieux\">PRENDRE RDV<\/a><\/p>\t\t\t\t\t\t<\/div>\n\t\t\t\t<\/div>\n\t\t\t\t<div class=\"elementor-element elementor-element-80d5a8a elementor-widget elementor-widget-text-editor\" data-id=\"80d5a8a\" data-element_type=\"widget\" data-widget_type=\"text-editor.default\">\n\t\t\t\t<div class=\"elementor-widget-container\">\n\t\t\t\t\t\t\t<p><strong><span style=\"text-decoration: underline;\">S\u00e9ance \u00e0 la carte : 110\u20ac<\/span><br \/><\/strong>* S\u00e9ance de 90 minutes<br \/>* Bilan psychoroporel \u00e9motionnel et \u00e9nerg\u00e9tique <br \/>de vos d\u00e9sirs, bloquages et attentes<br \/>* Breathwork et travail psychosomatique guid\u00e9<br \/>\u00a0<a href=\"https:\/\/www.resalib.fr\/praticien\/107127-o-faire-corps-praticien-psychocorporel-bedarieux\">PRENDRE RDV<\/a><\/p>\t\t\t\t\t\t<\/div>\n\t\t\t\t<\/div>\n\t\t\t\t<div class=\"elementor-element elementor-element-5929c41 elementor-widget elementor-widget-text-editor\" data-id=\"5929c41\" data-element_type=\"widget\" data-widget_type=\"text-editor.default\">\n\t\t\t\t<div class=\"elementor-widget-container\">\n\t\t\t\t\t\t\t<p><strong><span style=\"text-decoration: underline;\">Cycles 3 s\u00e9ances: 270\u20ac<\/span><\/strong>\u00a0<br \/>* Soit : 90\u20ac\/s\u00e9ance<br \/>* S\u00e9ances de 80 \u00e0 90 minutes<br \/>* des pratiques et un suivi sur mesure inclus pour int\u00e9grer et d\u00e9velopper entre les s\u00e9ances<br \/><a href=\"https:\/\/www.resalib.fr\/praticien\/107127-o-faire-corps-praticien-psychocorporel-bedarieux\">PRENDRE RDV<\/a><\/p>\t\t\t\t\t\t<\/div>\n\t\t\t\t<\/div>\n\t\t\t\t<div class=\"elementor-element elementor-element-37ecf7d elementor-widget elementor-widget-text-editor\" data-id=\"37ecf7d\" data-element_type=\"widget\" data-widget_type=\"text-editor.default\">\n\t\t\t\t<div class=\"elementor-widget-container\">\n\t\t\t\t\t\t\t<p><strong><span style=\"text-decoration: underline;\">Cycles 7 s\u00e9ances: 560\u20ac<\/span><\/strong>\u00a0<br \/>* Soit : 80\u20ac\/s\u00e9ance<br \/>* S\u00e9ances de 80 \u00e0 90 minutes<br \/>* des pratiques et un suivi sur mesure inclus pour int\u00e9grer et d\u00e9velopper entre les s\u00e9ances<br \/><a href=\"https:\/\/www.resalib.fr\/praticien\/107127-o-faire-corps-praticien-psychocorporel-bedarieux\">PRENDRE RDV<\/a><\/p>\t\t\t\t\t\t<\/div>\n\t\t\t\t<\/div>\n\t\t\t\t\t<\/div>\n\t\t\t\t<\/div>\n\t\t<div class=\"elementor-element elementor-element-0817581 e-grid e-con-boxed e-con e-parent\" data-id=\"0817581\" data-element_type=\"container\" data-settings=\"{&quot;background_background&quot;:&quot;gradient&quot;}\">\n\t\t\t\t\t<div class=\"e-con-inner\">\n\t\t\t\t<div class=\"elementor-element elementor-element-0f5f1b2 elementor-widget elementor-widget-text-editor\" data-id=\"0f5f1b2\" data-element_type=\"widget\" data-widget_type=\"text-editor.default\">\n\t\t\t\t<div class=\"elementor-widget-container\">\n\t\t\t\t\t\t\t<p><strong><span style=\"text-decoration: underline;\">Tarifs d&rsquo;accessibilit\u00e9:<\/span><\/strong><br \/>Si votre situation financi\u00e8re actuelle ne vous permet pas <br \/>d&rsquo;acc\u00e9der \u00e0 ces programmes, n&rsquo;h\u00e9sitez pas \u00e0 <br \/>m&rsquo;en informer lors de l&rsquo;appel d\u00e9couverte gratuit.<br \/>Nous pourrons ajuster ensemble suivant les disponibilit\u00e9s.<br \/>Possibilit\u00e9s de tarifs accessibilit\u00e9 :<\/p>\t\t\t\t\t\t<\/div>\n\t\t\t\t<\/div>\n\t\t\t\t<div class=\"elementor-element elementor-element-bff8e5f elementor-widget elementor-widget-text-editor\" data-id=\"bff8e5f\" data-element_type=\"widget\" data-widget_type=\"text-editor.default\">\n\t\t\t\t<div class=\"elementor-widget-container\">\n\t\t\t\t\t\t\t<p><strong><span style=\"text-decoration: underline;\">Cycle 3 s\u00e9ances : 210\u20ac<\/span><\/strong><br \/>* Soit 70\u20ac\/s\u00e9ance<br \/>* S\u00e9ances de 60 \u00e0 80 minutes<br \/>* des pratiques et un suivi sur mesure inclus pour int\u00e9grer et d\u00e9velopper entre les s\u00e9ances<\/p>\t\t\t\t\t\t<\/div>\n\t\t\t\t<\/div>\n\t\t\t\t<div class=\"elementor-element elementor-element-776d658 elementor-widget elementor-widget-text-editor\" data-id=\"776d658\" data-element_type=\"widget\" data-widget_type=\"text-editor.default\">\n\t\t\t\t<div class=\"elementor-widget-container\">\n\t\t\t\t\t\t\t<p><strong><span style=\"text-decoration: underline;\">Cycle 7 s\u00e9ances additionnelles : 420\u20ac<\/span><\/strong><br \/>* Soit 60\u20ac\/s\u00e9ance<br \/>* S\u00e9ances de 60 \u00e0 80 minutes<br \/>* des pratiques et un suivi sur mesure inclus pour int\u00e9grer et d\u00e9velopper entre les s\u00e9ances<\/p>\t\t\t\t\t\t<\/div>\n\t\t\t\t<\/div>\n\t\t\t\t\t<\/div>\n\t\t\t\t<\/div>\n\t\t\t\t<\/div>\n\t\t","protected":false},"excerpt":{"rendered":"<p>TARIFS MASSAGES EN CABINET Avec la r\u00e9gularit\u00e9, le massage devient un v\u00e9ritable outil de transformation du stress, du corps et [&hellip;]<\/p>\n","protected":false},"author":1,"featured_media":0,"parent":0,"menu_order":0,"comment_status":"closed","ping_status":"closed","template":"","meta":{"site-sidebar-layout":"no-sidebar","site-content-layout":"","ast-site-content-layout":"full-width-container","site-content-style":"default","site-sidebar-style":"default","ast-global-header-display":"","ast-banner-title-visibility":"","ast-main-header-display":"","ast-hfb-above-header-display":"","ast-hfb-below-header-display":"","ast-hfb-mobile-header-display":"","site-post-title":"disabled","ast-breadcrumbs-content":"","ast-featured-img":"disabled","footer-sml-layout":"","theme-transparent-header-meta":"","adv-header-id-meta":"","stick-header-meta":"","header-above-stick-meta":"","header-main-stick-meta":"","header-below-stick-meta":"","astra-migrate-meta-layouts":"default","ast-page-background-enabled":"default","ast-page-background-meta":{"desktop":{"background-color":"var(--ast-global-color-4)","background-image":"","background-repeat":"repeat","background-position":"center center","background-size":"auto","background-attachment":"scroll","background-type":"","background-media":"","overlay-type":"","overlay-color":"","overlay-opacity":"","overlay-gradient":""},"tablet":{"background-color":"","background-image":"","background-repeat":"repeat","background-position":"center center","background-size":"auto","background-attachment":"scroll","background-type":"","background-media":"","overlay-type":"","overlay-color":"","overlay-opacity":"","overlay-gradient":""},"mobile":{"background-color":"","background-image":"","background-repeat":"repeat","background-position":"center center","background-size":"auto","background-attachment":"scroll","background-type":"","background-media":"","overlay-type":"","overlay-color":"","overlay-opacity":"","overlay-gradient":""}},"ast-content-background-meta":{"desktop":{"background-color":"var(--ast-global-color-5)","background-image":"","background-repeat":"repeat","background-position":"center center","background-size":"auto","background-attachment":"scroll","background-type":"","background-media":"","overlay-type":"","overlay-color":"","overlay-opacity":"","overlay-gradient":""},"tablet":{"background-color":"var(--ast-global-color-5)","background-image":"","background-repeat":"repeat","background-position":"center center","background-size":"auto","background-attachment":"scroll","background-type":"","background-media":"","overlay-type":"","overlay-color":"","overlay-opacity":"","overlay-gradient":""},"mobile":{"background-color":"var(--ast-global-color-5)","background-image":"","background-repeat":"repeat","background-position":"center center","background-size":"auto","background-attachment":"scroll","background-type":"","background-media":"","overlay-type":"","overlay-color":"","overlay-opacity":"","overlay-gradient":""}},"footnotes":""},"class_list":["post-13","page","type-page","status-publish","hentry"],"_links":{"self":[{"href":"https:\/\/www.omassagecoaching.com\/en\/wp-json\/wp\/v2\/pages\/13","targetHints":{"allow":["GET"]}}],"collection":[{"href":"https:\/\/www.omassagecoaching.com\/en\/wp-json\/wp\/v2\/pages"}],"about":[{"href":"https:\/\/www.omassagecoaching.com\/en\/wp-json\/wp\/v2\/types\/page"}],"author":[{"embeddable":true,"href":"https:\/\/www.omassagecoaching.com\/en\/wp-json\/wp\/v2\/users\/1"}],"replies":[{"embeddable":true,"href":"https:\/\/www.omassagecoaching.com\/en\/wp-json\/wp\/v2\/comments?post=13"}],"version-history":[{"count":279,"href":"https:\/\/www.omassagecoaching.com\/en\/wp-json\/wp\/v2\/pages\/13\/revisions"}],"predecessor-version":[{"id":1663,"href":"https:\/\/www.omassagecoaching.com\/en\/wp-json\/wp\/v2\/pages\/13\/revisions\/1663"}],"wp:attachment":[{"href":"https:\/\/www.omassagecoaching.com\/en\/wp-json\/wp\/v2\/media?parent=13"}],"curies":[{"name":"wp","href":"https:\/\/api.w.org\/{rel}","templated":true}]}}