{"id":9,"date":"2024-08-21T16:08:42","date_gmt":"2024-08-21T14:08:42","guid":{"rendered":"http:\/\/www.omassagecoaching.com\/?page_id=9"},"modified":"2025-11-14T15:08:47","modified_gmt":"2025-11-14T14:08:47","slug":"massage","status":"publish","type":"page","link":"https:\/\/www.omassagecoaching.com\/en\/massage\/","title":{"rendered":"Massage"},"content":{"rendered":"\t\t<div data-elementor-type=\"wp-page\" data-elementor-id=\"9\" class=\"elementor elementor-9\">\n\t\t\t\t<div class=\"elementor-element elementor-element-c84a3db e-flex e-con-boxed e-con e-parent\" data-id=\"c84a3db\" data-element_type=\"container\" data-settings=\"{&quot;background_background&quot;:&quot;gradient&quot;}\">\n\t\t\t\t\t<div class=\"e-con-inner\">\n\t\t\t\t<div class=\"elementor-element elementor-element-6c33588 elementor-invisible elementor-widget elementor-widget-text-editor\" data-id=\"6c33588\" data-element_type=\"widget\" data-settings=\"{&quot;_animation&quot;:&quot;slideInDown&quot;}\" data-widget_type=\"text-editor.default\">\n\t\t\t\t<div class=\"elementor-widget-container\">\n\t\t\t<style>\/*! elementor - v3.23.0 - 05-08-2024 *\/\n.elementor-widget-text-editor.elementor-drop-cap-view-stacked .elementor-drop-cap{background-color:#69727d;color:#fff}.elementor-widget-text-editor.elementor-drop-cap-view-framed .elementor-drop-cap{color:#69727d;border:3px solid;background-color:transparent}.elementor-widget-text-editor:not(.elementor-drop-cap-view-default) .elementor-drop-cap{margin-top:8px}.elementor-widget-text-editor:not(.elementor-drop-cap-view-default) .elementor-drop-cap-letter{width:1em;height:1em}.elementor-widget-text-editor .elementor-drop-cap{float:left;text-align:center;line-height:1;font-size:50px}.elementor-widget-text-editor .elementor-drop-cap-letter{display:inline-block}<\/style>\t\t\t\t<p>Un massage sur mesure, Adapt\u00e9 et cr\u00e9atif<br \/>Pour revenir \u00e0 soi et prendre sa sant\u00e9 en main<\/p>\t\t\t\t\t\t<\/div>\n\t\t\t\t<\/div>\n\t\t\t\t\t<\/div>\n\t\t\t\t<\/div>\n\t\t<div class=\"elementor-element elementor-element-52093ad e-flex e-con-boxed e-con e-parent\" data-id=\"52093ad\" data-element_type=\"container\" data-settings=\"{&quot;background_background&quot;:&quot;gradient&quot;}\">\n\t\t\t\t\t<div class=\"e-con-inner\">\n\t\t<div class=\"elementor-element elementor-element-0926efc e-con-full e-flex e-con e-child\" data-id=\"0926efc\" data-element_type=\"container\">\n\t\t\t\t<div class=\"elementor-element elementor-element-822d475 elementor-widget elementor-widget-text-editor\" data-id=\"822d475\" data-element_type=\"widget\" data-widget_type=\"text-editor.default\">\n\t\t\t\t<div class=\"elementor-widget-container\">\n\t\t\t\t\t\t\t<p>Le massage faire corps est sur mesure, il n\u2019est pas une routine, il est un processus, cr\u00e9atif, adapt\u00e9 et bas\u00e9 sur l\u2019\u00e9coute. Il est <strong>une communication par le biais du toucher.<\/strong><\/p><p>J&rsquo;ai \u00e9t\u00e9 form\u00e9e au massage holistique au \u00ab Bristol College of Massage and Bodywork \u00e0 Bristol \u00bb, Angleterre, en 2014 et 2015.<\/p><p>Le massage holistique, terme qui vient de \u00ab holos \u00bb (le tout), ne signifie pas masser tout le corps, il signifie <strong>masser la personne en tant que personne enti\u00e8re, un \u00eatre physique, mental, \u00e9motionnel, \u00e9nerg\u00e9tique et spirituel.<\/strong> Il signifie aussi que la personne qui masse, le fait avec toute sa personne, avec pr\u00e9sence, attention, son exp\u00e9rience et une intention claire. Le massage holistique est aussi entier de part <strong>la vari\u00e9t\u00e9 de ses techniques utilis\u00e9es de mani\u00e8re appropri\u00e9e \u00e0 un instant T.<\/strong><\/p><p>En tant que circassienne de m\u00e9tier, <strong>ma pratique est fortement inscrite dans une connexion et une exploration de la g\u00e9ographie sensorielle de notre corps.<\/strong> Ainsi, mes massages sont infus\u00e9s par la sensibilit\u00e9 particuli\u00e8re qu\u2019apporte la pratique quotidienne et pouss\u00e9e de l\u2019acrobatie, du mouvement, de la cr\u00e9ation artistique et de la sc\u00e8ne.<\/p><p>Le massage est un puissant outil m\u00e9dicinal qui <strong>aide \u00e0 pr\u00e9venir de nombreux maux et participe \u00e0 \u00e9quilibrer et \u00e0 harmoniser l\u2019organisme, l\u2019esprit et les \u00e9motions.<\/strong> Il ne se revendique pas en revanche, de gu\u00e9rir les pathologies et <strong>ne remplace en aucun cas la m\u00e9decine classique, il en est un excellent compl\u00e9ment.<\/strong> Dans les m\u00e9decines les plus anciennes telles que l\u2019ayurveda et la m\u00e9decine chinoise, ainsi qu\u2019en \u00c9gypte <strong>depuis plus de 5000 ans<\/strong>, le massage soutien en effet un processus pr\u00e9ventif et <strong>compl\u00e9mentaire aux traitements<\/strong> de d\u00e9s\u00e9quilibres physiologique, psychologique et nerveux.<\/p>\t\t\t\t\t\t<\/div>\n\t\t\t\t<\/div>\n\t\t\t\t<\/div>\n\t\t<div class=\"elementor-element elementor-element-863523b e-con-full e-flex e-con e-child\" data-id=\"863523b\" data-element_type=\"container\">\n\t\t\t\t<div class=\"elementor-element elementor-element-fbd26d6 elementor-widget elementor-widget-image\" data-id=\"fbd26d6\" data-element_type=\"widget\" data-widget_type=\"image.default\">\n\t\t\t\t<div class=\"elementor-widget-container\">\n\t\t\t<style>\/*! elementor - v3.23.0 - 05-08-2024 *\/\n.elementor-widget-image{text-align:center}.elementor-widget-image a{display:inline-block}.elementor-widget-image a img[src$=\".svg\"]{width:48px}.elementor-widget-image img{vertical-align:middle;display:inline-block}<\/style>\t\t\t\t\t\t\t\t\t\t<img fetchpriority=\"high\" decoding=\"async\" width=\"1024\" height=\"736\" src=\"https:\/\/www.omassagecoaching.com\/wp-content\/uploads\/2024\/09\/Sans-titre-e1738778403226-1024x736.jpg\" class=\"attachment-large size-large wp-image-48\" alt=\"\" srcset=\"https:\/\/www.omassagecoaching.com\/wp-content\/uploads\/2024\/09\/Sans-titre-e1738778403226-1024x736.jpg 1024w, https:\/\/www.omassagecoaching.com\/wp-content\/uploads\/2024\/09\/Sans-titre-e1738778403226-300x216.jpg 300w, https:\/\/www.omassagecoaching.com\/wp-content\/uploads\/2024\/09\/Sans-titre-e1738778403226-768x552.jpg 768w, https:\/\/www.omassagecoaching.com\/wp-content\/uploads\/2024\/09\/Sans-titre-e1738778403226-1536x1105.jpg 1536w, https:\/\/www.omassagecoaching.com\/wp-content\/uploads\/2024\/09\/Sans-titre-e1738778403226-2048x1473.jpg 2048w, https:\/\/www.omassagecoaching.com\/wp-content\/uploads\/2024\/09\/Sans-titre-e1738778403226-18x12.jpg 18w\" sizes=\"(max-width: 1024px) 100vw, 1024px\" \/>\t\t\t\t\t\t\t\t\t\t\t\t\t<\/div>\n\t\t\t\t<\/div>\n\t\t\t\t<div class=\"elementor-element elementor-element-f383622 elementor-widget elementor-widget-text-editor\" data-id=\"f383622\" data-element_type=\"widget\" data-widget_type=\"text-editor.default\">\n\t\t\t\t<div class=\"elementor-widget-container\">\n\t\t\t\t\t\t\t<p>L\u2019\u00e9coute de la masseuse s\u2019appuie sur une formation multiple (l\u2019anatomie, <strong>les effets biologiques du stress<\/strong>, les pathologies, la m\u00e9ditation, le yoga, des bases de Ta\u00ef-Chi, de Qi Qong et de neurobiologie) afin d\u2019adapter :<br \/>&#8211; La profondeur<br \/>&#8211; Le degr\u00e9 de pression<br \/>&#8211; La vitesse<br \/>&#8211; Le rythme<br \/>&#8211; Les techniques (massage su\u00e9dois, \u00ab deep-tissue \u00bb, \u00ab trigger points \u00bb, mobilisation, malaxage, p\u00e9trissage, pression, \u00ab tapping \u00bb, percussions, lissage, effleurage, tapotement, palpation, \u00ab rocking \u00bb, \u00e9tirement, etc\u2026)<\/p>\t\t\t\t\t\t<\/div>\n\t\t\t\t<\/div>\n\t\t\t\t<\/div>\n\t\t\t\t\t<\/div>\n\t\t\t\t<\/div>\n\t\t<div class=\"elementor-element elementor-element-736f1c7 e-flex e-con-boxed e-con e-parent\" data-id=\"736f1c7\" data-element_type=\"container\" data-settings=\"{&quot;background_background&quot;:&quot;gradient&quot;}\">\n\t\t\t\t\t<div class=\"e-con-inner\">\n\t\t\t\t<div class=\"elementor-element elementor-element-7383cff elementor-widget elementor-widget-text-editor\" data-id=\"7383cff\" data-element_type=\"widget\" data-widget_type=\"text-editor.default\">\n\t\t\t\t<div class=\"elementor-widget-container\">\n\t\t\t\t\t\t\t<p>Au m\u00eame titre que la nutrition, l\u2019activit\u00e9 physique, la pratique artistique et la vie sociale, <br \/><strong>le massage peut \u00eatre un outil de prise en main de votre sant\u00e9 et de votre \u00e9panouissement<\/strong>.<\/p><p>Au-del\u00e0 des massages ponctuels, je vous propose des tarifs pour trois\u00a0 ou dix massages sur des p\u00e9riodes d\u00e9finis afin <br \/>d\u2019<strong>explorer le massage comme outil de connexion \u00e0 vous-m\u00eame, de vitalit\u00e9 et d&rsquo;\u00e9quilibre.<\/strong><\/p><p>Dans ce cadre, les massages peuvent aller plus en profondeur et <strong>soutenir des d\u00e9blocages et des transformations globales profondes<\/strong>.<\/p><p>Le massage peut provoquer des r\u00e9actions temporaires, parfois intenses, et entra\u00eener des effets transitoires tels que fatigue, courbatures, tristesse, agitation ou l\u00e9gers maux de t\u00eate. <br \/>Ces r\u00e9actions sont des effets naturels d\u2019un rel\u00e2chement en profondeur et sont li\u00e9s \u00e0 la lib\u00e9ration de tensions physiques et \u00e9motionnelles.<br \/>L\u2019activation du syst\u00e8me nerveux parasympathique peut provoquer la remont\u00e9e d\u2019\u00e9motions ou de d\u00e9s\u00e9quilibres sous-jacents.<br \/>Ces effets sont g\u00e9n\u00e9ralement transitoires et t\u00e9moignent d\u2019un processus de r\u00e9gulation du corps, le syst\u00e8me nerveux se r\u00e9ajuste.<br \/>Boire de l\u2019eau, se reposer, \u00e9couter son corps sont les cl\u00e9s pour soutenir son organisme \u00e0 int\u00e9grer le massage.<br \/>Si un inconfort persiste ou si vous avez des conditions de sant\u00e9 particuli\u00e8res, il est important d\u2019en informer le th\u00e9rapeute et votre m\u00e9decin. <br \/>Le massage ne remplace en aucun cas un suivi m\u00e9dical.<\/p>\t\t\t\t\t\t<\/div>\n\t\t\t\t<\/div>\n\t\t\t\t\t<\/div>\n\t\t\t\t<\/div>\n\t\t<div class=\"elementor-element elementor-element-1203baf e-grid e-con-boxed e-con e-parent\" data-id=\"1203baf\" data-element_type=\"container\" data-settings=\"{&quot;background_background&quot;:&quot;gradient&quot;}\">\n\t\t\t\t\t<div class=\"e-con-inner\">\n\t\t\t\t<div class=\"elementor-element elementor-element-a2ac2a8 elementor-widget elementor-widget-image\" data-id=\"a2ac2a8\" data-element_type=\"widget\" data-widget_type=\"image.default\">\n\t\t\t\t<div class=\"elementor-widget-container\">\n\t\t\t\t\t\t\t\t\t\t\t\t\t<img decoding=\"async\" width=\"640\" height=\"726\" src=\"https:\/\/www.omassagecoaching.com\/wp-content\/uploads\/2025\/03\/Le-Classique.jpg\" class=\"attachment-medium_large size-medium_large wp-image-1306\" alt=\"\" srcset=\"https:\/\/www.omassagecoaching.com\/wp-content\/uploads\/2025\/03\/Le-Classique.jpg 640w, https:\/\/www.omassagecoaching.com\/wp-content\/uploads\/2025\/03\/Le-Classique-264x300.jpg 264w, https:\/\/www.omassagecoaching.com\/wp-content\/uploads\/2025\/03\/Le-Classique-11x12.jpg 11w\" sizes=\"(max-width: 640px) 100vw, 640px\" \/>\t\t\t\t\t\t\t\t\t\t\t\t\t<\/div>\n\t\t\t\t<\/div>\n\t\t\t\t<div class=\"elementor-element elementor-element-cb0904f elementor-widget elementor-widget-image\" data-id=\"cb0904f\" data-element_type=\"widget\" data-widget_type=\"image.default\">\n\t\t\t\t<div class=\"elementor-widget-container\">\n\t\t\t\t\t\t\t\t\t\t\t\t\t<img decoding=\"async\" width=\"640\" height=\"726\" src=\"https:\/\/www.omassagecoaching.com\/wp-content\/uploads\/2025\/03\/Le-Looog.jpg\" class=\"attachment-medium_large size-medium_large wp-image-1307\" alt=\"\" srcset=\"https:\/\/www.omassagecoaching.com\/wp-content\/uploads\/2025\/03\/Le-Looog.jpg 640w, https:\/\/www.omassagecoaching.com\/wp-content\/uploads\/2025\/03\/Le-Looog-264x300.jpg 264w, https:\/\/www.omassagecoaching.com\/wp-content\/uploads\/2025\/03\/Le-Looog-11x12.jpg 11w\" sizes=\"(max-width: 640px) 100vw, 640px\" \/>\t\t\t\t\t\t\t\t\t\t\t\t\t<\/div>\n\t\t\t\t<\/div>\n\t\t\t\t<div class=\"elementor-element elementor-element-7818c24 elementor-widget elementor-widget-google_maps\" data-id=\"7818c24\" data-element_type=\"widget\" data-widget_type=\"google_maps.default\">\n\t\t\t\t<div class=\"elementor-widget-container\">\n\t\t\t<style>\/*! elementor - v3.23.0 - 05-08-2024 *\/\n.elementor-widget-google_maps .elementor-widget-container{overflow:hidden}.elementor-widget-google_maps .elementor-custom-embed{line-height:0}.elementor-widget-google_maps iframe{height:300px}<\/style>\t\t<div class=\"elementor-custom-embed\">\n\t\t\t<iframe loading=\"lazy\"\n\t\t\t\t\tsrc=\"https:\/\/maps.google.com\/maps?q=Work%20%28O%27%20Faire%20Corps%20Massage%3A%20soulage%20tensions%2C%20stress%20%26%20fatigue.%20Vitalise%2C%20apaise%2C%20resource.%20Approche%20th%C3%A9rapeutique%20et%20systh%C3%A8mique%29&#038;t=m&#038;z=10&#038;output=embed&#038;iwloc=near\"\n\t\t\t\t\ttitle=\"Work (O&#039; Faire Corps Massage: soulage tensions, stress &amp; fatigue. Vitalise, apaise, resource. Approche th\u00e9rapeutique et systh\u00e8mique)\"\n\t\t\t\t\taria-label=\"Work (O&#039; Faire Corps Massage: soulage tensions, stress &amp; fatigue. Vitalise, apaise, resource. Approche th\u00e9rapeutique et systh\u00e8mique)\"\n\t\t\t><\/iframe>\n\t\t<\/div>\n\t\t\t\t<\/div>\n\t\t\t\t<\/div>\n\t\t\t\t<div class=\"elementor-element elementor-element-740e083 elementor-widget elementor-widget-text-editor\" data-id=\"740e083\" data-element_type=\"widget\" data-widget_type=\"text-editor.default\">\n\t\t\t\t<div class=\"elementor-widget-container\">\n\t\t\t\t\t\t\t<p>Quand il est <strong>r\u00e9gulier<\/strong>, le massage n\u2019apaise pas seulement : <br \/><strong>Il transforme<\/strong><\/p>\t\t\t\t\t\t<\/div>\n\t\t\t\t<\/div>\n\t\t\t\t<div class=\"elementor-element elementor-element-5d4f787 elementor-widget elementor-widget-text-editor\" data-id=\"5d4f787\" data-element_type=\"widget\" data-widget_type=\"text-editor.default\">\n\t\t\t\t<div class=\"elementor-widget-container\">\n\t\t\t\t\t\t\t<p>CARTE 3 S\u00c9ANCES <br \/>MASSAGE STANDARD:<br \/>160\u20ac<\/p>\t\t\t\t\t\t<\/div>\n\t\t\t\t<\/div>\n\t\t\t\t<div class=\"elementor-element elementor-element-a649aa8 elementor-widget elementor-widget-text-editor\" data-id=\"a649aa8\" data-element_type=\"widget\" data-widget_type=\"text-editor.default\">\n\t\t\t\t<div class=\"elementor-widget-container\">\n\t\t\t\t\t\t\t<p>CARTE 10 S\u00c8ANCES <br \/>MASSAGE STANDARD:<br \/>480\u20ac<\/p>\t\t\t\t\t\t<\/div>\n\t\t\t\t<\/div>\n\t\t\t\t\t<\/div>\n\t\t\t\t<\/div>\n\t\t<div class=\"elementor-element elementor-element-f2eb114 e-flex e-con-boxed e-con e-parent\" data-id=\"f2eb114\" data-element_type=\"container\" data-settings=\"{&quot;background_background&quot;:&quot;gradient&quot;}\">\n\t\t\t\t\t<div class=\"e-con-inner\">\n\t\t\t\t<div class=\"elementor-element elementor-element-3652cf2 elementor-widget elementor-widget-text-editor\" data-id=\"3652cf2\" data-element_type=\"widget\" data-widget_type=\"text-editor.default\">\n\t\t\t\t<div class=\"elementor-widget-container\">\n\t\t\t\t\t\t\t<p>Tarifs en cabinet<\/p>\t\t\t\t\t\t<\/div>\n\t\t\t\t<\/div>\n\t\t\t\t<div class=\"elementor-element elementor-element-7f2b2ab elementor-widget elementor-widget-image\" data-id=\"7f2b2ab\" data-element_type=\"widget\" data-widget_type=\"image.default\">\n\t\t\t\t<div class=\"elementor-widget-container\">\n\t\t\t\t\t\t\t\t\t\t\t\t\t<img loading=\"lazy\" decoding=\"async\" width=\"1024\" height=\"768\" src=\"https:\/\/www.omassagecoaching.com\/wp-content\/uploads\/2025\/03\/20250227_124452-1024x768.jpeg\" class=\"attachment-large size-large wp-image-1417\" alt=\"\" srcset=\"https:\/\/www.omassagecoaching.com\/wp-content\/uploads\/2025\/03\/20250227_124452-1024x768.jpeg 1024w, https:\/\/www.omassagecoaching.com\/wp-content\/uploads\/2025\/03\/20250227_124452-300x225.jpeg 300w, https:\/\/www.omassagecoaching.com\/wp-content\/uploads\/2025\/03\/20250227_124452-768x576.jpeg 768w, https:\/\/www.omassagecoaching.com\/wp-content\/uploads\/2025\/03\/20250227_124452-1536x1152.jpeg 1536w, https:\/\/www.omassagecoaching.com\/wp-content\/uploads\/2025\/03\/20250227_124452-2048x1536.jpeg 2048w, https:\/\/www.omassagecoaching.com\/wp-content\/uploads\/2025\/03\/20250227_124452-16x12.jpeg 16w\" sizes=\"(max-width: 1024px) 100vw, 1024px\" \/>\t\t\t\t\t\t\t\t\t\t\t\t\t<\/div>\n\t\t\t\t<\/div>\n\t\t\t\t\t<\/div>\n\t\t\t\t<\/div>\n\t\t\t\t<\/div>\n\t\t","protected":false},"excerpt":{"rendered":"<p>Un massage sur mesure, Adapt\u00e9 et cr\u00e9atifPour revenir \u00e0 soi et prendre sa sant\u00e9 en main Le massage faire corps [&hellip;]<\/p>\n","protected":false},"author":1,"featured_media":0,"parent":0,"menu_order":0,"comment_status":"closed","ping_status":"closed","template":"","meta":{"site-sidebar-layout":"no-sidebar","site-content-layout":"","ast-site-content-layout":"full-width-container","site-content-style":"default","site-sidebar-style":"default","ast-global-header-display":"","ast-banner-title-visibility":"","ast-main-header-display":"","ast-hfb-above-header-display":"","ast-hfb-below-header-display":"","ast-hfb-mobile-header-display":"","site-post-title":"disabled","ast-breadcrumbs-content":"","ast-featured-img":"disabled","footer-sml-layout":"","theme-transparent-header-meta":"","adv-header-id-meta":"","stick-header-meta":"","header-above-stick-meta":"","header-main-stick-meta":"","header-below-stick-meta":"","astra-migrate-meta-layouts":"default","ast-page-background-enabled":"default","ast-page-background-meta":{"desktop":{"background-color":"var(--ast-global-color-4)","background-image":"","background-repeat":"repeat","background-position":"center center","background-size":"auto","background-attachment":"scroll","background-type":"","background-media":"","overlay-type":"","overlay-color":"","overlay-opacity":"","overlay-gradient":""},"tablet":{"background-color":"","background-image":"","background-repeat":"repeat","background-position":"center center","background-size":"auto","background-attachment":"scroll","background-type":"","background-media":"","overlay-type":"","overlay-color":"","overlay-opacity":"","overlay-gradient":""},"mobile":{"background-color":"","background-image":"","background-repeat":"repeat","background-position":"center center","background-size":"auto","background-attachment":"scroll","background-type":"","background-media":"","overlay-type":"","overlay-color":"","overlay-opacity":"","overlay-gradient":""}},"ast-content-background-meta":{"desktop":{"background-color":"var(--ast-global-color-5)","background-image":"","background-repeat":"repeat","background-position":"center center","background-size":"auto","background-attachment":"scroll","background-type":"","background-media":"","overlay-type":"","overlay-color":"","overlay-opacity":"","overlay-gradient":""},"tablet":{"background-color":"var(--ast-global-color-5)","background-image":"","background-repeat":"repeat","background-position":"center center","background-size":"auto","background-attachment":"scroll","background-type":"","background-media":"","overlay-type":"","overlay-color":"","overlay-opacity":"","overlay-gradient":""},"mobile":{"background-color":"var(--ast-global-color-5)","background-image":"","background-repeat":"repeat","background-position":"center center","background-size":"auto","background-attachment":"scroll","background-type":"","background-media":"","overlay-type":"","overlay-color":"","overlay-opacity":"","overlay-gradient":""}},"footnotes":""},"class_list":["post-9","page","type-page","status-publish","hentry"],"_links":{"self":[{"href":"https:\/\/www.omassagecoaching.com\/en\/wp-json\/wp\/v2\/pages\/9","targetHints":{"allow":["GET"]}}],"collection":[{"href":"https:\/\/www.omassagecoaching.com\/en\/wp-json\/wp\/v2\/pages"}],"about":[{"href":"https:\/\/www.omassagecoaching.com\/en\/wp-json\/wp\/v2\/types\/page"}],"author":[{"embeddable":true,"href":"https:\/\/www.omassagecoaching.com\/en\/wp-json\/wp\/v2\/users\/1"}],"replies":[{"embeddable":true,"href":"https:\/\/www.omassagecoaching.com\/en\/wp-json\/wp\/v2\/comments?post=9"}],"version-history":[{"count":157,"href":"https:\/\/www.omassagecoaching.com\/en\/wp-json\/wp\/v2\/pages\/9\/revisions"}],"predecessor-version":[{"id":1684,"href":"https:\/\/www.omassagecoaching.com\/en\/wp-json\/wp\/v2\/pages\/9\/revisions\/1684"}],"wp:attachment":[{"href":"https:\/\/www.omassagecoaching.com\/en\/wp-json\/wp\/v2\/media?parent=9"}],"curies":[{"name":"wp","href":"https:\/\/api.w.org\/{rel}","templated":true}]}}